{"id":3112,"date":"2020-06-07T10:27:24","date_gmt":"2020-06-07T09:27:24","guid":{"rendered":"http:\/\/www.stellamaris.cc\/?page_id=3112\/"},"modified":"2020-06-07T10:27:24","modified_gmt":"2020-06-07T09:27:24","slug":"informatif-contact","status":"publish","type":"page","link":"https:\/\/www.stellamaris.cc\/fr\/informatif-contact\/","title":{"rendered":"Informatif contact"},"content":{"rendered":"<p>&nbsp;<br \/>\n&nbsp;<br \/>\n&nbsp;<br \/>\n&nbsp;<br \/>\n&nbsp;<br \/>\n&nbsp;<br \/>\n&nbsp;<br \/>\n&nbsp;<br \/>\n&nbsp;<\/p>\n<p>1. Pr\u00e9misse<br \/>\nConform\u00e9ment \u00e0 l&rsquo;art. 13 du d\u00e9cret l\u00e9gislatif no. 196\/2003 &#8211; \u00ab Code concernant la protection des donn\u00e9es personnelles \u00bb (ci-apr\u00e8s le \u00ab Code \u00bb), Andrea Mainini, comme \u00ab propri\u00e9taire \u00bb du traitement, il est n\u00e9cessaire de fournir des informations sur l&rsquo;utilisation de vos donn\u00e9es personnelles.<\/p>\n<p>2. Source des donn\u00e9es personnelles<br \/>\nLa collecte de vos donn\u00e9es personnelles est effectu\u00e9e en enregistrant les donn\u00e9es fournies par vous, en tant que partie int\u00e9ress\u00e9e, au moment de la demande de r\u00e9servation.<\/p>\n<p>3. Objet du traitement<br \/>\nLes donn\u00e9es personnelles sont trait\u00e9es aux fins suivantes:<br \/>\n1. Recontacter le demandeur et de donner suite \u00e0 sa demande<\/p>\n<p>Pour assurer l&rsquo;efficacit\u00e9 du service, nous vous informons \u00e9galement que les donn\u00e9es pourraient \u00eatre utilis\u00e9es pour effectuer des tests techniques et de v\u00e9rification.<\/p>\n<p>4. M\u00e9thodes de traitement des donn\u00e9es<br \/>\nEn ce qui concerne les fins d\u00e9crites, le traitement des donn\u00e9es personnelles sont trait\u00e9es en utilisant des outils manuels, informatique et donn\u00e9es avec des logiques \u00e9troitement li\u00e9es aux fins d\u00e9crites ci-dessus et, de toute fa\u00e7on, de mani\u00e8re \u00e0 assurer la s\u00e9curit\u00e9 et la confidentialit\u00e9 des donn\u00e9es.<br \/>\nUne fois les objectifs \u00e9tablis remplis, les donn\u00e9es seront supprim\u00e9es ou transform\u00e9es en une forme anonyme, sans pr\u00e9judice des obligations l\u00e9gales.<\/p>\n<p>5. Caract\u00e8re facultatif de la fourniture de donn\u00e9es<br \/>\nLa fourniture de donn\u00e9es est facultative, mais en l&rsquo;absence de celui-ci, il ne sera pas possible de recontacter le demandeur et de donner suite \u00e0 sa demande<\/p>\n<p>6. Cat\u00e9gories de sujets auxquels les donn\u00e9es peuvent \u00eatre communiqu\u00e9es ou qui peuvent en apprendre davantage \u00e0 leur sujet en tant que gestionnaires ou agents<br \/>\nVos donn\u00e9es personnelles ne peuvent \u00eatre connues que par le personnel en charge des responsables, identifi\u00e9s en tant que Data Processors. Exclusivement aux fins \u00e9nonc\u00e9es au paragraphe 3 (Objet du traitement), ils peuvent prendre connaissance des donn\u00e9es personnelles \u00e0 des soci\u00e9t\u00e9s tierces fournissant des services, apr\u00e8s la d\u00e9signation en tant que gestionnaires du traitement, et d&rsquo;assurer le m\u00eame niveau de protection.<\/p>\n<p>7. Droits de la partie int\u00e9ress\u00e9e<br \/>\nEnfin, nous vous informons que la l\u00e9gislation sur la protection des donn\u00e9es personnelles conf\u00e8re aux parties int\u00e9ress\u00e9es la possibilit\u00e9 d&rsquo;exercer des droits sp\u00e9cifiques, sur la base des dispositions de l&rsquo;art. 7 du \u00ab\u00a0Code\u00a0\u00bb qui est rapport\u00e9 ici:<br \/>\n1. L&rsquo;int\u00e9ress\u00e9 a le droit d&rsquo;obtenir la confirmation de l&rsquo;existence ou non de donn\u00e9es personnelles le concernant, m\u00eame si elles ne sont pas encore enregistr\u00e9es, et leur communication sous forme intelligible.<br \/>\n2. L&rsquo;int\u00e9ress\u00e9 a le droit d&rsquo;obtenir l&rsquo;indication:<br \/>\n1. de l&rsquo;origine des donn\u00e9es personnelles;<br \/>\n2. des buts et des m\u00e9thodes du traitement;<br \/>\n3. de la logique appliqu\u00e9e en cas de traitement effectu\u00e9 \u00e0 l&rsquo;aide d&rsquo;instruments \u00e9lectroniques;<br \/>\n4. des d\u00e9tails d&rsquo;identification du propri\u00e9taire, les gestionnaires et le repr\u00e9sentant d\u00e9sign\u00e9 conform\u00e9ment \u00e0 l&rsquo;art. 5, paragraphe 2;<br \/>\n5. des sujets ou des cat\u00e9gories de sujets auxquels les donn\u00e9es personnelles peuvent \u00eatre communiqu\u00e9es ou qui peuvent apprendre \u00e0 leur sujet en tant que repr\u00e9sentant d\u00e9sign\u00e9 sur le territoire de l&rsquo;Etat, les gestionnaires ou les agents.<br \/>\n3. L&rsquo;int\u00e9ress\u00e9 a le droit d&rsquo;obtenir:<br \/>\n1. mise \u00e0 jour, rectification ou, le cas \u00e9ch\u00e9ant, int\u00e9gration des donn\u00e9es;<br \/>\n2. l&rsquo;annulation, la transformation sous forme anonyme ou le bloc des donn\u00e9es trait\u00e9es en violation de la loi, y compris ceux dont la conservation n&rsquo;est pas n\u00e9cessaire par rapport aux finalit\u00e9s pour lesquelles les donn\u00e9es ont \u00e9t\u00e9 collect\u00e9es ou trait\u00e9es;<br \/>\n3. l&rsquo;attestation que les op\u00e9rations vis\u00e9es aux lettres a. et b. ont \u00e9t\u00e9 port\u00e9s \u00e0 l&rsquo;attention, aussi en ce qui concerne leur contenu, de ceux auxquels les donn\u00e9es ont \u00e9t\u00e9 communiqu\u00e9es ou diffus\u00e9es, sauf dans le cas o\u00f9 cela se r\u00e9v\u00e8le impossible ou implique un usage disproportionn\u00e9 de moyens par rapport au droit prot\u00e9g\u00e9.<br \/>\n4. L&rsquo;int\u00e9ress\u00e9 a le droit de s&rsquo;opposer, en tout ou en partie:<br \/>\n1. pour des raisons l\u00e9gitimes, le traitement des donn\u00e9es personnelles le concernant, m\u00eame si pertinentes aux fins de la collecte;<br \/>\n2. au traitement des donn\u00e9es personnelles le concernant dans le but d&rsquo;envoyer de la publicit\u00e9 ou du mat\u00e9riel de vente directe ou pour effectuer des \u00e9tudes de march\u00e9 ou des communications commerciales.<\/p>\n<p>8. Propri\u00e9taire et gestionnaires du traitement<br \/>\nLe traitement des donn\u00e9es personnelles vis\u00e9es dans le pr\u00e9sent document est Andrea Mainini, bas\u00e9e \u00e0 Via San Nicolo 68 Punta Chiappa, 16032 Camogli GE, Italie, qui peut \u00eatre contact\u00e9 \u00e0 l&rsquo;adresse info@stellamaris.cc<\/p>\n<p>Afin de simplifier les canaux de routage et de r\u00e9duire le temps pour les commentaires que nous sommes invit\u00e9s \u00e0 soumettre des demandes, vis\u00e9es \u00e0 l&rsquo;alin\u00e9a pr\u00e9c\u00e9dent, \u00e0 Stella Maris, en communiquant avec l&rsquo;adresse e-mail info@stellamaris.cc.<\/p>\n","protected":false},"excerpt":{"rendered":"<p>&nbsp; &nbsp; &nbsp; &nbsp; &nbsp; &nbsp; &nbsp; &nbsp; &nbsp; 1. Pr\u00e9misse Conform\u00e9ment \u00e0 l&rsquo;art. 13 du d\u00e9cret l\u00e9gislatif no. 196\/2003 &#8211; \u00ab Code concernant la protection<span class=\"excerpt-hellip\"> [\u2026]<\/span><\/p>\n","protected":false},"author":1,"featured_media":0,"parent":0,"menu_order":0,"comment_status":"closed","ping_status":"closed","template":"","meta":{"footnotes":""},"class_list":["post-3112","page","type-page","status-publish","hentry"],"yoast_head":"<!-- This site is optimized with the Yoast SEO plugin v27.5 - https:\/\/yoast.com\/product\/yoast-seo-wordpress\/ -->\n<title>Informatif contact - Stella Maris<\/title>\n<meta name=\"robots\" content=\"index, follow, max-snippet:-1, max-image-preview:large, max-video-preview:-1\" \/>\n<link rel=\"canonical\" href=\"https:\/\/www.stellamaris.cc\/informativa-modulo-contatto\/\" \/>\n<meta property=\"og:locale\" content=\"fr_FR\" \/>\n<meta property=\"og:type\" content=\"article\" \/>\n<meta property=\"og:title\" content=\"Informatif contact - Stella Maris\" \/>\n<meta property=\"og:description\" content=\"&nbsp; &nbsp; &nbsp; &nbsp; &nbsp; &nbsp; &nbsp; &nbsp; &nbsp; 1. Pr\u00e9misse Conform\u00e9ment \u00e0 l&rsquo;art. 13 du d\u00e9cret l\u00e9gislatif no. 196\/2003 &#8211; \u00ab Code concernant la protection [\u2026]\" \/>\n<meta property=\"og:url\" content=\"https:\/\/www.stellamaris.cc\/informativa-modulo-contatto\/\" \/>\n<meta property=\"og:site_name\" content=\"Stella Maris\" \/>\n<script type=\"application\/ld+json\" class=\"yoast-schema-graph\">{\"@context\":\"https:\\\/\\\/schema.org\",\"@graph\":[{\"@type\":\"WebPage\",\"@id\":\"https:\\\/\\\/www.stellamaris.cc\\\/informativa-modulo-contatto\\\/\",\"url\":\"https:\\\/\\\/www.stellamaris.cc\\\/informativa-modulo-contatto\\\/\",\"name\":\"Informatif contact - Stella Maris\",\"isPartOf\":{\"@id\":\"https:\\\/\\\/www.stellamaris.cc\\\/#website\"},\"datePublished\":\"2020-06-07T09:27:24+00:00\",\"breadcrumb\":{\"@id\":\"https:\\\/\\\/www.stellamaris.cc\\\/informativa-modulo-contatto\\\/#breadcrumb\"},\"inLanguage\":\"fr-FR\",\"potentialAction\":[{\"@type\":\"ReadAction\",\"target\":[\"https:\\\/\\\/www.stellamaris.cc\\\/informativa-modulo-contatto\\\/\"]}]},{\"@type\":\"BreadcrumbList\",\"@id\":\"https:\\\/\\\/www.stellamaris.cc\\\/informativa-modulo-contatto\\\/#breadcrumb\",\"itemListElement\":[{\"@type\":\"ListItem\",\"position\":1,\"name\":\"Home\",\"item\":\"https:\\\/\\\/www.stellamaris.cc\\\/fr\\\/\"},{\"@type\":\"ListItem\",\"position\":2,\"name\":\"Informatif contact\"}]},{\"@type\":\"WebSite\",\"@id\":\"https:\\\/\\\/www.stellamaris.cc\\\/#website\",\"url\":\"https:\\\/\\\/www.stellamaris.cc\\\/\",\"name\":\"Stella Maris\",\"description\":\"Ancient Resort\",\"publisher\":{\"@id\":\"https:\\\/\\\/www.stellamaris.cc\\\/#organization\"},\"potentialAction\":[{\"@type\":\"SearchAction\",\"target\":{\"@type\":\"EntryPoint\",\"urlTemplate\":\"https:\\\/\\\/www.stellamaris.cc\\\/?s={search_term_string}\"},\"query-input\":{\"@type\":\"PropertyValueSpecification\",\"valueRequired\":true,\"valueName\":\"search_term_string\"}}],\"inLanguage\":\"fr-FR\"},{\"@type\":\"Organization\",\"@id\":\"https:\\\/\\\/www.stellamaris.cc\\\/#organization\",\"name\":\"StellaMaris Resort\",\"url\":\"https:\\\/\\\/www.stellamaris.cc\\\/\",\"logo\":{\"@type\":\"ImageObject\",\"inLanguage\":\"fr-FR\",\"@id\":\"https:\\\/\\\/www.stellamaris.cc\\\/#\\\/schema\\\/logo\\\/image\\\/\",\"url\":\"https:\\\/\\\/www.stellamaris.cc\\\/wp-content\\\/uploads\\\/2012\\\/01\\\/stella-maris-ancient-resort2.png\",\"contentUrl\":\"https:\\\/\\\/www.stellamaris.cc\\\/wp-content\\\/uploads\\\/2012\\\/01\\\/stella-maris-ancient-resort2.png\",\"width\":350,\"height\":326,\"caption\":\"StellaMaris Resort\"},\"image\":{\"@id\":\"https:\\\/\\\/www.stellamaris.cc\\\/#\\\/schema\\\/logo\\\/image\\\/\"}}]}<\/script>\n<!-- \/ Yoast SEO plugin. -->","yoast_head_json":{"title":"Informatif contact - Stella Maris","robots":{"index":"index","follow":"follow","max-snippet":"max-snippet:-1","max-image-preview":"max-image-preview:large","max-video-preview":"max-video-preview:-1"},"canonical":"https:\/\/www.stellamaris.cc\/informativa-modulo-contatto\/","og_locale":"fr_FR","og_type":"article","og_title":"Informatif contact - Stella Maris","og_description":"&nbsp; &nbsp; &nbsp; &nbsp; &nbsp; &nbsp; &nbsp; &nbsp; &nbsp; 1. Pr\u00e9misse Conform\u00e9ment \u00e0 l&rsquo;art. 13 du d\u00e9cret l\u00e9gislatif no. 196\/2003 &#8211; \u00ab Code concernant la protection [\u2026]","og_url":"https:\/\/www.stellamaris.cc\/informativa-modulo-contatto\/","og_site_name":"Stella Maris","schema":{"@context":"https:\/\/schema.org","@graph":[{"@type":"WebPage","@id":"https:\/\/www.stellamaris.cc\/informativa-modulo-contatto\/","url":"https:\/\/www.stellamaris.cc\/informativa-modulo-contatto\/","name":"Informatif contact - Stella Maris","isPartOf":{"@id":"https:\/\/www.stellamaris.cc\/#website"},"datePublished":"2020-06-07T09:27:24+00:00","breadcrumb":{"@id":"https:\/\/www.stellamaris.cc\/informativa-modulo-contatto\/#breadcrumb"},"inLanguage":"fr-FR","potentialAction":[{"@type":"ReadAction","target":["https:\/\/www.stellamaris.cc\/informativa-modulo-contatto\/"]}]},{"@type":"BreadcrumbList","@id":"https:\/\/www.stellamaris.cc\/informativa-modulo-contatto\/#breadcrumb","itemListElement":[{"@type":"ListItem","position":1,"name":"Home","item":"https:\/\/www.stellamaris.cc\/fr\/"},{"@type":"ListItem","position":2,"name":"Informatif contact"}]},{"@type":"WebSite","@id":"https:\/\/www.stellamaris.cc\/#website","url":"https:\/\/www.stellamaris.cc\/","name":"Stella Maris","description":"Ancient Resort","publisher":{"@id":"https:\/\/www.stellamaris.cc\/#organization"},"potentialAction":[{"@type":"SearchAction","target":{"@type":"EntryPoint","urlTemplate":"https:\/\/www.stellamaris.cc\/?s={search_term_string}"},"query-input":{"@type":"PropertyValueSpecification","valueRequired":true,"valueName":"search_term_string"}}],"inLanguage":"fr-FR"},{"@type":"Organization","@id":"https:\/\/www.stellamaris.cc\/#organization","name":"StellaMaris Resort","url":"https:\/\/www.stellamaris.cc\/","logo":{"@type":"ImageObject","inLanguage":"fr-FR","@id":"https:\/\/www.stellamaris.cc\/#\/schema\/logo\/image\/","url":"https:\/\/www.stellamaris.cc\/wp-content\/uploads\/2012\/01\/stella-maris-ancient-resort2.png","contentUrl":"https:\/\/www.stellamaris.cc\/wp-content\/uploads\/2012\/01\/stella-maris-ancient-resort2.png","width":350,"height":326,"caption":"StellaMaris Resort"},"image":{"@id":"https:\/\/www.stellamaris.cc\/#\/schema\/logo\/image\/"}}]}},"_links":{"self":[{"href":"https:\/\/www.stellamaris.cc\/fr\/wp-json\/wp\/v2\/pages\/3112","targetHints":{"allow":["GET"]}}],"collection":[{"href":"https:\/\/www.stellamaris.cc\/fr\/wp-json\/wp\/v2\/pages"}],"about":[{"href":"https:\/\/www.stellamaris.cc\/fr\/wp-json\/wp\/v2\/types\/page"}],"author":[{"embeddable":true,"href":"https:\/\/www.stellamaris.cc\/fr\/wp-json\/wp\/v2\/users\/1"}],"replies":[{"embeddable":true,"href":"https:\/\/www.stellamaris.cc\/fr\/wp-json\/wp\/v2\/comments?post=3112"}],"version-history":[{"count":1,"href":"https:\/\/www.stellamaris.cc\/fr\/wp-json\/wp\/v2\/pages\/3112\/revisions"}],"predecessor-version":[{"id":3113,"href":"https:\/\/www.stellamaris.cc\/fr\/wp-json\/wp\/v2\/pages\/3112\/revisions\/3113"}],"wp:attachment":[{"href":"https:\/\/www.stellamaris.cc\/fr\/wp-json\/wp\/v2\/media?parent=3112"}],"curies":[{"name":"wp","href":"https:\/\/api.w.org\/{rel}","templated":true}]}}